{"id":168,"date":"2018-06-19T13:42:19","date_gmt":"2018-06-19T13:42:19","guid":{"rendered":"https:\/\/primemarmoset.com\/product\/assorted-coffee\/"},"modified":"2023-09-09T02:05:51","modified_gmt":"2023-09-09T01:05:51","slug":"beautiful-pygmy-marmoset-monkey-for-sale","status":"publish","type":"product","link":"https:\/\/primemarmoset.com\/ro\/product\/beautiful-pygmy-marmoset-monkey-for-sale\/","title":{"rendered":"Frumos Pitic Marmoset Maimu\u021b\u0103 de V\u00e2nzare \u2013 Hazel, de sex Feminin, \u00een V\u00e2rst\u0103 de 8 Luni"},"content":{"rendered":"<p>Hazel is a beautiful female pygmy marmoset monkey. She is 8 months old and loves to play with her toys. She is very friendly and loves to be around people. She has been raised in our home with lots of love and attention, so she is well socialized and used to being around people. She is up to date on all her vaccinations and has been dewormed. She comes with a health certificate and a one-year health guarantee. If you are looking for an adorable pet that will bring you lots of joy, then Hazel is the perfect choice!<\/p>","protected":false},"excerpt":{"rendered":"<p>Hazel is a beautiful female pygmy marmoset monkey. She is 8 months old and loves to play with her toys. She is very friendly and loves to be around people. She is up to date on all her vaccinations and has been dewormed. She comes with a health certificate and a one-year health guarantee.<\/p>","protected":false},"featured_media":5967,"template":"","meta":{"site-sidebar-layout":"default","site-content-layout":"default","ast-site-content-layout":"default","site-content-style":"default","site-sidebar-style":"default","ast-global-header-display":"","ast-banner-title-visibility":"","ast-main-header-display":"","ast-hfb-above-header-display":"","ast-hfb-below-header-display":"","ast-hfb-mobile-header-display":"","site-post-title":"","ast-breadcrumbs-content":"","ast-featured-img":"","footer-sml-layout":"","ast-disable-related-posts":"","theme-transparent-header-meta":"default","adv-header-id-meta":"","stick-header-meta":"default","header-above-stick-meta":"","header-main-stick-meta":"","header-below-stick-meta":"","astra-migrate-meta-layouts":"set","ast-page-background-enabled":"default","ast-page-background-meta":{"desktop":{"background-color":"","background-image":"","background-repeat":"repeat","background-position":"center center","background-size":"auto","background-attachment":"scroll","background-type":"","background-media":"","overlay-type":"","overlay-color":"","overlay-opacity":"","overlay-gradient":""},"tablet":{"background-color":"","background-image":"","background-repeat":"repeat","background-position":"center center","background-size":"auto","background-attachment":"scroll","background-type":"","background-media":"","overlay-type":"","overlay-color":"","overlay-opacity":"","overlay-gradient":""},"mobile":{"background-color":"","background-image":"","background-repeat":"repeat","background-position":"center center","background-size":"auto","background-attachment":"scroll","background-type":"","background-media":"","overlay-type":"","overlay-color":"","overlay-opacity":"","overlay-gradient":""}},"ast-content-background-meta":{"desktop":{"background-color":"var(--ast-global-color-5)","background-image":"","background-repeat":"repeat","background-position":"center center","background-size":"auto","background-attachment":"scroll","background-type":"","background-media":"","overlay-type":"","overlay-color":"","overlay-opacity":"","overlay-gradient":""},"tablet":{"background-color":"var(--ast-global-color-5)","background-image":"","background-repeat":"repeat","background-position":"center center","background-size":"auto","background-attachment":"scroll","background-type":"","background-media":"","overlay-type":"","overlay-color":"","overlay-opacity":"","overlay-gradient":""},"mobile":{"background-color":"var(--ast-global-color-5)","background-image":"","background-repeat":"repeat","background-position":"center center","background-size":"auto","background-attachment":"scroll","background-type":"","background-media":"","overlay-type":"","overlay-color":"","overlay-opacity":"","overlay-gradient":""}}},"product_brand":[],"product_cat":[40,23],"product_tag":[],"class_list":{"0":"post-168","1":"product","2":"type-product","3":"status-publish","4":"has-post-thumbnail","6":"product_cat-common-marmoset","7":"product_cat-deals","8":"desktop-align-center","9":"tablet-align-center","10":"mobile-align-center","11":"ast-product-gallery-layout-horizontal","12":"ast-product-gallery-with-no-image","13":"ast-product-tabs-layout-horizontal","14":"ast-qv-on-image","16":"first","17":"instock","18":"sale","19":"featured","20":"shipping-taxable","21":"purchasable","22":"product-type-simple"},"yoast_head":"<!-- This site is optimized with the Yoast SEO Premium plugin v26.0 (Yoast SEO v26.7) - https:\/\/yoast.com\/wordpress\/plugins\/seo\/ -->\n<title>Beautiful Pygmy Marmoset Monkey for Sale \u2013 Hazel, Female, 8 Months Old | Prime Marmoset<\/title>\n<meta name=\"description\" content=\"Hazel is a beautiful female pygmy marmoset monkey. She is 8 months old and loves to play with her toys. She is very friendly and loves to be around people. She is up to date on all her vaccinations and has been dewormed. She comes with a health certificate and a one-year health guarantee.\" \/>\n<meta name=\"robots\" content=\"index, follow, max-snippet:-1, max-image-preview:large, max-video-preview:-1\" \/>\n<link rel=\"canonical\" href=\"https:\/\/primemarmoset.com\/ro\/product\/beautiful-pygmy-marmoset-monkey-for-sale\/\" \/>\n<meta property=\"og:locale\" content=\"ro_RO\" \/>\n<meta property=\"og:type\" content=\"article\" \/>\n<meta property=\"og:title\" content=\"Beautiful Pygmy Marmoset Monkey for Sale \u2013 Hazel, Female, 8 Months Old\" \/>\n<meta property=\"og:description\" content=\"Hazel is a beautiful female pygmy marmoset monkey. She is 8 months old and loves to play with her toys. She is very friendly and loves to be around people. She is up to date on all her vaccinations and has been dewormed. She comes with a health certificate and a one-year health guarantee.\" \/>\n<meta property=\"og:url\" content=\"https:\/\/primemarmoset.com\/ro\/product\/beautiful-pygmy-marmoset-monkey-for-sale\/\" \/>\n<meta property=\"og:site_name\" content=\"Prime Marmoset\" \/>\n<meta property=\"article:modified_time\" content=\"2023-09-09T01:05:51+00:00\" \/>\n<meta property=\"og:image\" content=\"https:\/\/primemarmoset.com\/wp-content\/uploads\/2018\/06\/pygmy-marmoset-8.jpg\" \/>\n\t<meta property=\"og:image:width\" content=\"1080\" \/>\n\t<meta property=\"og:image:height\" content=\"1080\" \/>\n\t<meta property=\"og:image:type\" content=\"image\/jpeg\" \/>\n<meta name=\"twitter:card\" content=\"summary_large_image\" \/>\n<meta name=\"twitter:label1\" content=\"Pre\u021b\" \/>\n\t<meta name=\"twitter:data1\" content=\"&#036;1,400.0\" \/>\n\t<meta name=\"twitter:label2\" content=\"Disponibilitate\" \/>\n\t<meta name=\"twitter:data2\" content=\"\u00cen stoc\" \/>\n<script type=\"application\/ld+json\" class=\"yoast-schema-graph\">{\"@context\":\"https:\/\/schema.org\",\"@graph\":[{\"@type\":\"WebPage\",\"@id\":\"https:\/\/primemarmoset.com\/product\/beautiful-pygmy-marmoset-monkey-for-sale\/\",\"url\":\"https:\/\/primemarmoset.com\/product\/beautiful-pygmy-marmoset-monkey-for-sale\/\",\"name\":\"Beautiful Pygmy Marmoset Monkey for Sale \u2013 Hazel, Female, 8 Months Old | Prime Marmoset\",\"isPartOf\":{\"@id\":\"https:\/\/primemarmoset.com\/#website\"},\"primaryImageOfPage\":{\"@id\":\"https:\/\/primemarmoset.com\/product\/beautiful-pygmy-marmoset-monkey-for-sale\/#primaryimage\"},\"image\":{\"@id\":\"https:\/\/primemarmoset.com\/product\/beautiful-pygmy-marmoset-monkey-for-sale\/#primaryimage\"},\"thumbnailUrl\":\"https:\/\/primemarmoset.com\/wp-content\/uploads\/2018\/06\/pygmy-marmoset-8.jpg\",\"datePublished\":\"2018-06-19T13:42:19+00:00\",\"dateModified\":\"2023-09-09T01:05:51+00:00\",\"description\":\"Hazel is a beautiful female pygmy marmoset monkey. She is 8 months old and loves to play with her toys. She is very friendly and loves to be around people. She is up to date on all her vaccinations and has been dewormed. She comes with a health certificate and a one-year health guarantee.\",\"breadcrumb\":{\"@id\":\"https:\/\/primemarmoset.com\/product\/beautiful-pygmy-marmoset-monkey-for-sale\/#breadcrumb\"},\"inLanguage\":\"ro-RO\",\"potentialAction\":[{\"@type\":\"ReadAction\",\"target\":[\"https:\/\/primemarmoset.com\/product\/beautiful-pygmy-marmoset-monkey-for-sale\/\"]}]},{\"@type\":\"ImageObject\",\"inLanguage\":\"ro-RO\",\"@id\":\"https:\/\/primemarmoset.com\/product\/beautiful-pygmy-marmoset-monkey-for-sale\/#primaryimage\",\"url\":\"https:\/\/primemarmoset.com\/wp-content\/uploads\/2018\/06\/pygmy-marmoset-8.jpg\",\"contentUrl\":\"https:\/\/primemarmoset.com\/wp-content\/uploads\/2018\/06\/pygmy-marmoset-8.jpg\",\"width\":1080,\"height\":1080,\"caption\":\"pygmy marmoset (8)\"},{\"@type\":\"BreadcrumbList\",\"@id\":\"https:\/\/primemarmoset.com\/product\/beautiful-pygmy-marmoset-monkey-for-sale\/#breadcrumb\",\"itemListElement\":[{\"@type\":\"ListItem\",\"position\":1,\"name\":\"Home\",\"item\":\"https:\/\/primemarmoset.com\/\"},{\"@type\":\"ListItem\",\"position\":2,\"name\":\"Shop\",\"item\":\"https:\/\/primemarmoset.com\/shop\/\"},{\"@type\":\"ListItem\",\"position\":3,\"name\":\"Beautiful Pygmy Marmoset Monkey for Sale \u2013 Hazel, Female, 8 Months Old\"}]},{\"@type\":\"WebSite\",\"@id\":\"https:\/\/primemarmoset.com\/#website\",\"url\":\"https:\/\/primemarmoset.com\/\",\"name\":\"Prime Marmoset\",\"description\":\"Pygmy Marmoset Monkey For Sale\",\"publisher\":{\"@id\":\"https:\/\/primemarmoset.com\/#organization\"},\"potentialAction\":[{\"@type\":\"SearchAction\",\"target\":{\"@type\":\"EntryPoint\",\"urlTemplate\":\"https:\/\/primemarmoset.com\/?s={search_term_string}\"},\"query-input\":{\"@type\":\"PropertyValueSpecification\",\"valueRequired\":true,\"valueName\":\"search_term_string\"}}],\"inLanguage\":\"ro-RO\"},{\"@type\":\"Organization\",\"@id\":\"https:\/\/primemarmoset.com\/#organization\",\"name\":\"Prime Marmoset\",\"url\":\"https:\/\/primemarmoset.com\/\",\"logo\":{\"@type\":\"ImageObject\",\"inLanguage\":\"ro-RO\",\"@id\":\"https:\/\/primemarmoset.com\/#\/schema\/logo\/image\/\",\"url\":\"https:\/\/primemarmoset.com\/wp-content\/uploads\/2025\/05\/logo-green.svg\",\"contentUrl\":\"https:\/\/primemarmoset.com\/wp-content\/uploads\/2025\/05\/logo-green.svg\",\"width\":200,\"height\":67,\"caption\":\"Prime Marmoset\"},\"image\":{\"@id\":\"https:\/\/primemarmoset.com\/#\/schema\/logo\/image\/\"}}]}<\/script>\n<meta property=\"product:price:amount\" content=\"1400.0\" \/>\n<meta property=\"product:price:currency\" content=\"USD\" \/>\n<meta property=\"og:availability\" content=\"instock\" \/>\n<meta property=\"product:availability\" content=\"instock\" \/>\n<meta property=\"product:condition\" content=\"new\" \/>\n<!-- \/ Yoast SEO Premium plugin. -->","yoast_head_json":{"title":"Beautiful Pygmy Marmoset Monkey for Sale \u2013 Hazel, Female, 8 Months Old | Prime Marmoset","description":"Hazel is a beautiful female pygmy marmoset monkey. She is 8 months old and loves to play with her toys. She is very friendly and loves to be around people. She is up to date on all her vaccinations and has been dewormed. She comes with a health certificate and a one-year health guarantee.","robots":{"index":"index","follow":"follow","max-snippet":"max-snippet:-1","max-image-preview":"max-image-preview:large","max-video-preview":"max-video-preview:-1"},"canonical":"https:\/\/primemarmoset.com\/ro\/product\/beautiful-pygmy-marmoset-monkey-for-sale\/","og_locale":"ro_RO","og_type":"article","og_title":"Beautiful Pygmy Marmoset Monkey for Sale \u2013 Hazel, Female, 8 Months Old","og_description":"Hazel is a beautiful female pygmy marmoset monkey. She is 8 months old and loves to play with her toys. She is very friendly and loves to be around people. She is up to date on all her vaccinations and has been dewormed. She comes with a health certificate and a one-year health guarantee.","og_url":"https:\/\/primemarmoset.com\/ro\/product\/beautiful-pygmy-marmoset-monkey-for-sale\/","og_site_name":"Prime Marmoset","article_modified_time":"2023-09-09T01:05:51+00:00","og_image":[{"width":1080,"height":1080,"url":"https:\/\/primemarmoset.com\/wp-content\/uploads\/2018\/06\/pygmy-marmoset-8.jpg","type":"image\/jpeg"}],"twitter_card":"summary_large_image","twitter_misc":{"Pre\u021b":"&#36;1,400.0","Disponibilitate":"\u00cen stoc"},"schema":{"@context":"https:\/\/schema.org","@graph":[{"@type":"WebPage","@id":"https:\/\/primemarmoset.com\/product\/beautiful-pygmy-marmoset-monkey-for-sale\/","url":"https:\/\/primemarmoset.com\/product\/beautiful-pygmy-marmoset-monkey-for-sale\/","name":"Beautiful Pygmy Marmoset Monkey for Sale \u2013 Hazel, Female, 8 Months Old | Prime Marmoset","isPartOf":{"@id":"https:\/\/primemarmoset.com\/#website"},"primaryImageOfPage":{"@id":"https:\/\/primemarmoset.com\/product\/beautiful-pygmy-marmoset-monkey-for-sale\/#primaryimage"},"image":{"@id":"https:\/\/primemarmoset.com\/product\/beautiful-pygmy-marmoset-monkey-for-sale\/#primaryimage"},"thumbnailUrl":"https:\/\/primemarmoset.com\/wp-content\/uploads\/2018\/06\/pygmy-marmoset-8.jpg","datePublished":"2018-06-19T13:42:19+00:00","dateModified":"2023-09-09T01:05:51+00:00","description":"Hazel is a beautiful female pygmy marmoset monkey. She is 8 months old and loves to play with her toys. She is very friendly and loves to be around people. She is up to date on all her vaccinations and has been dewormed. She comes with a health certificate and a one-year health guarantee.","breadcrumb":{"@id":"https:\/\/primemarmoset.com\/product\/beautiful-pygmy-marmoset-monkey-for-sale\/#breadcrumb"},"inLanguage":"ro-RO","potentialAction":[{"@type":"ReadAction","target":["https:\/\/primemarmoset.com\/product\/beautiful-pygmy-marmoset-monkey-for-sale\/"]}]},{"@type":"ImageObject","inLanguage":"ro-RO","@id":"https:\/\/primemarmoset.com\/product\/beautiful-pygmy-marmoset-monkey-for-sale\/#primaryimage","url":"https:\/\/primemarmoset.com\/wp-content\/uploads\/2018\/06\/pygmy-marmoset-8.jpg","contentUrl":"https:\/\/primemarmoset.com\/wp-content\/uploads\/2018\/06\/pygmy-marmoset-8.jpg","width":1080,"height":1080,"caption":"pygmy marmoset (8)"},{"@type":"BreadcrumbList","@id":"https:\/\/primemarmoset.com\/product\/beautiful-pygmy-marmoset-monkey-for-sale\/#breadcrumb","itemListElement":[{"@type":"ListItem","position":1,"name":"Home","item":"https:\/\/primemarmoset.com\/"},{"@type":"ListItem","position":2,"name":"Shop","item":"https:\/\/primemarmoset.com\/shop\/"},{"@type":"ListItem","position":3,"name":"Beautiful Pygmy Marmoset Monkey for Sale \u2013 Hazel, Female, 8 Months Old"}]},{"@type":"WebSite","@id":"https:\/\/primemarmoset.com\/#website","url":"https:\/\/primemarmoset.com\/","name":"Prim-Maimu\u021b\u0103","description":"Pitic Marmoset Maimu\u021b\u0103 De V\u00e2nzare","publisher":{"@id":"https:\/\/primemarmoset.com\/#organization"},"potentialAction":[{"@type":"SearchAction","target":{"@type":"EntryPoint","urlTemplate":"https:\/\/primemarmoset.com\/?s={search_term_string}"},"query-input":{"@type":"PropertyValueSpecification","valueRequired":true,"valueName":"search_term_string"}}],"inLanguage":"ro-RO"},{"@type":"Organization","@id":"https:\/\/primemarmoset.com\/#organization","name":"Prim-Maimu\u021b\u0103","url":"https:\/\/primemarmoset.com\/","logo":{"@type":"ImageObject","inLanguage":"ro-RO","@id":"https:\/\/primemarmoset.com\/#\/schema\/logo\/image\/","url":"https:\/\/primemarmoset.com\/wp-content\/uploads\/2025\/05\/logo-green.svg","contentUrl":"https:\/\/primemarmoset.com\/wp-content\/uploads\/2025\/05\/logo-green.svg","width":200,"height":67,"caption":"Prime Marmoset"},"image":{"@id":"https:\/\/primemarmoset.com\/#\/schema\/logo\/image\/"}}]},"product_price_amount":"1400.0","product_price_currency":"USD","og_availability":"instock","product_availability":"instock","product_condition":"new"},"_links":{"self":[{"href":"https:\/\/primemarmoset.com\/ro\/wp-json\/wp\/v2\/product\/168","targetHints":{"allow":["GET"]}}],"collection":[{"href":"https:\/\/primemarmoset.com\/ro\/wp-json\/wp\/v2\/product"}],"about":[{"href":"https:\/\/primemarmoset.com\/ro\/wp-json\/wp\/v2\/types\/product"}],"wp:featuredmedia":[{"embeddable":true,"href":"https:\/\/primemarmoset.com\/ro\/wp-json\/wp\/v2\/media\/5967"}],"wp:attachment":[{"href":"https:\/\/primemarmoset.com\/ro\/wp-json\/wp\/v2\/media?parent=168"}],"wp:term":[{"taxonomy":"product_brand","embeddable":true,"href":"https:\/\/primemarmoset.com\/ro\/wp-json\/wp\/v2\/product_brand?post=168"},{"taxonomy":"product_cat","embeddable":true,"href":"https:\/\/primemarmoset.com\/ro\/wp-json\/wp\/v2\/product_cat?post=168"},{"taxonomy":"product_tag","embeddable":true,"href":"https:\/\/primemarmoset.com\/ro\/wp-json\/wp\/v2\/product_tag?post=168"}],"curies":[{"name":"wp","href":"https:\/\/api.w.org\/{rel}","templated":true}]}}